{"id":337,"date":"2026-01-01T19:04:54","date_gmt":"2026-01-01T18:04:54","guid":{"rendered":"http:\/\/www.institutnymphea.fr\/?page_id=337"},"modified":"2026-01-01T19:13:46","modified_gmt":"2026-01-01T18:13:46","slug":"tarifs","status":"publish","type":"page","link":"http:\/\/www.institutnymphea.fr\/index.php\/tarifs\/","title":{"rendered":"Tarifs"},"content":{"rendered":"\n<div class=\"wp-block-cover is-light\" style=\"padding-top:150px;padding-right:0px;padding-bottom:200px;padding-left:0px\"><img decoding=\"async\" class=\"wp-block-cover__image-background wp-image-16\" alt=\"\" src=\"http:\/\/www.institutnymphea.fr\/wp-content\/themes\/waterlava\/assets\/img\/nature-plant-leaf-flower-petal-glass-612874-pxhere.com.webp\" data-object-fit=\"cover\"\/><span aria-hidden=\"true\" class=\"wp-block-cover__background has-background-dim\"><\/span><div class=\"wp-block-cover__inner-container is-layout-flow wp-block-cover-is-layout-flow\">\n<div class=\"wp-block-group is-layout-constrained wp-container-core-group-is-layout-70b4ffa6 wp-block-group-is-layout-constrained\">\n<div class=\"wp-block-columns is-layout-flex wp-container-core-columns-is-layout-28f84493 wp-block-columns-is-layout-flex\">\n<div class=\"wp-block-column is-layout-flow wp-block-column-is-layout-flow\"><h2 style=\"font-size:90px;font-style:normal;font-weight:500;text-transform:capitalize;\" class=\"has-text-align-center wp-block-post-title has-text-color has-waterlava-third-color has-primary-font-family\">Tarifs<\/h2><\/div>\n<\/div>\n<\/div>\n<\/div><\/div>\n\n\n<div style=\"overflow-x:auto;\">\n    \n<table id=\"tablepress-1\" class=\"tablepress tablepress-id-1\" aria-describedby=\"tablepress-1-description\">\n<thead>\n<tr class=\"row-1\">\n\t<th class=\"column-1\">Les \u00e9pilations Soins<\/th><td class=\"column-2\"><\/td>\n<\/tr>\n<\/thead>\n<tbody class=\"row-striping row-hover\">\n<tr class=\"row-2\">\n\t<td class=\"column-1\"> Sourcils entretien ligne<\/td><td class=\"column-2\">13,00 \u20ac<\/td>\n<\/tr>\n<tr class=\"row-3\">\n\t<td class=\"column-1\">Cr\u00e9ation ligne sourcils<\/td><td class=\"column-2\">15,00 \u20ac<\/td>\n<\/tr>\n<tr class=\"row-4\">\n\t<td class=\"column-1\">L\u00e8vre sup\u00e9rieure<\/td><td class=\"column-2\">12,00 \u20ac<\/td>\n<\/tr>\n<tr class=\"row-5\">\n\t<td class=\"column-1\">L\u00e8vre sup\u00e9rieure et menton<\/td><td class=\"column-2\">17,00 \u20ac<\/td>\n<\/tr>\n<tr class=\"row-6\">\n\t<td class=\"column-1\">Duvet joues<\/td><td class=\"column-2\">18,00 \u20ac<\/td>\n<\/tr>\n<tr class=\"row-7\">\n\t<td class=\"column-1\">Nez \/ oreilles ou menton<\/td><td class=\"column-2\">10,00 \u20ac<\/td>\n<\/tr>\n<tr class=\"row-8\">\n\t<td class=\"column-1\">Forfaits \u00e9pilations l\u00e8vre superieure et sourcils<\/td><td class=\"column-2\">21,00 \u20ac<\/td>\n<\/tr>\n<tr class=\"row-9\">\n\t<td class=\"column-1\">Aisselles<\/td><td class=\"column-2\">13,50 \u20ac<\/td>\n<\/tr>\n<tr class=\"row-10\">\n\t<td class=\"column-1\">Maillot \" classique \"<\/td><td class=\"column-2\">15,50 \u20ac<\/td>\n<\/tr>\n<tr class=\"row-11\">\n\t<td class=\"column-1\">Maillot \"Br\u00e9silien\"<\/td><td class=\"column-2\">18,50 \u20ac<\/td>\n<\/tr>\n<tr class=\"row-12\">\n\t<td class=\"column-1\">Maillot \"semi-integral\"<\/td><td class=\"column-2\">21,00 \u20ac<\/td>\n<\/tr>\n<tr class=\"row-13\">\n\t<td class=\"column-1\">Maillot \"int\u00e9gral\"                            si + de 30min 28\u20ac<\/td><td class=\"column-2\">24,00 \u20ac<\/td>\n<\/tr>\n<tr class=\"row-14\">\n\t<td class=\"column-1\">1\/2 jambes ou cuisses<\/td><td class=\"column-2\">19,50 \u20ac<\/td>\n<\/tr>\n<tr class=\"row-15\">\n\t<td class=\"column-1\">3\/4 jambes<\/td><td class=\"column-2\">25,00 \u20ac<\/td>\n<\/tr>\n<tr class=\"row-16\">\n\t<td class=\"column-1\">Jambes enti\u00e8res<\/td><td class=\"column-2\">30,00 \u20ac<\/td>\n<\/tr>\n<tr class=\"row-17\">\n\t<td class=\"column-1\">1\/2 bras <\/td><td class=\"column-2\">16,00 \u20ac<\/td>\n<\/tr>\n<tr class=\"row-18\">\n\t<td class=\"column-1\">Bras entiers  (mains comprises)<\/td><td class=\"column-2\">19,50 \u20ac<\/td>\n<\/tr>\n<tr class=\"row-19\">\n\t<td class=\"column-1\">Ventre \/mains ou bas du dos <\/td><td class=\"column-2\">13,00 \u20ac<\/td>\n<\/tr>\n<tr class=\"row-20\">\n\t<td class=\"column-1\">Hommes<\/td><td class=\"column-2\"><\/td>\n<\/tr>\n<tr class=\"row-21\">\n\t<td class=\"column-1\">Dos ou torse - 20 min<\/td><td class=\"column-2\">22,00 \u20ac<\/td>\n<\/tr>\n<tr class=\"row-22\">\n\t<td class=\"column-1\">Dos ou torse +20 min<\/td><td class=\"column-2\">25,00 \u20ac<\/td>\n<\/tr>\n<tr class=\"row-23\">\n\t<td class=\"column-1\">Epaules ou ventre<\/td><td class=\"column-2\">16,00 \u20ac<\/td>\n<\/tr>\n<tr class=\"row-24\">\n\t<td class=\"column-1\">Jambes enti\u00e8res<\/td><td class=\"column-2\">35,00 \u20ac<\/td>\n<\/tr>\n<tr class=\"row-25\">\n\t<td class=\"column-1\">Nuque<\/td><td class=\"column-2\">12,00 \u20ac<\/td>\n<\/tr>\n<tr class=\"row-26\">\n\t<td class=\"column-1\">Forfaits \u00e9pilations<\/td><td class=\"column-2\"><\/td>\n<\/tr>\n<tr class=\"row-27\">\n\t<td class=\"column-1\">1\/2 jambes + maillot \"classique\"+ aisselles<\/td><td class=\"column-2\">42,00 \u20ac<\/td>\n<\/tr>\n<tr class=\"row-28\">\n\t<td class=\"column-1\">1\/2 jambes + maillot \"Br\u00e9silien\" + aisselles<\/td><td class=\"column-2\">45,00 \u20ac<\/td>\n<\/tr>\n<tr class=\"row-29\">\n\t<td class=\"column-1\">1\/2 jambes + maillot \"semi-int\u00e9gral\" +aisselles<\/td><td class=\"column-2\">48,00 \u20ac<\/td>\n<\/tr>\n<tr class=\"row-30\">\n\t<td class=\"column-1\">1\/2 jambes + maillot \"int\u00e9gral\" + aisselles<\/td><td class=\"column-2\">50,00 \u20ac<\/td>\n<\/tr>\n<tr class=\"row-31\">\n\t<td class=\"column-1\">Jambes enti\u00e8res + maillot \"classique\" + aisselles<\/td><td class=\"column-2\">53,00 \u20ac<\/td>\n<\/tr>\n<tr class=\"row-32\">\n\t<td class=\"column-1\">Jambes enti\u00e8res + maillot \"Br\u00e9silien\" + aisselles<\/td><td class=\"column-2\">56,00 \u20ac<\/td>\n<\/tr>\n<tr class=\"row-33\">\n\t<td class=\"column-1\">Jambes enti\u00e8res + maillot \"semi-int\u00e9gral\" + aisselles<\/td><td class=\"column-2\">58,00 \u20ac<\/td>\n<\/tr>\n<tr class=\"row-34\">\n\t<td class=\"column-1\">Jambes enti\u00e8res +maillot int\u00e9gral +aisselles<\/td><td class=\"column-2\">60,00 \u20ac<\/td>\n<\/tr>\n<tr class=\"row-35\">\n\t<td class=\"column-1\"><\/td><td class=\"column-2\"><\/td>\n<\/tr>\n<tr class=\"row-36\">\n\t<td class=\"column-1\">Teintures et Rehaussement  de cils <\/td><td class=\"column-2\"><\/td>\n<\/tr>\n<tr class=\"row-37\">\n\t<td class=\"column-1\">Teinture des cils<\/td><td class=\"column-2\">20,00 \u20ac<\/td>\n<\/tr>\n<tr class=\"row-38\">\n\t<td class=\"column-1\">Teinture des sourcils<\/td><td class=\"column-2\">14,00 \u20ac<\/td>\n<\/tr>\n<tr class=\"row-39\">\n\t<td class=\"column-1\">Rehaussement de cils          avec teinture  +5 Euros<\/td><td class=\"column-2\">45,00 \u20ac<\/td>\n<\/tr>\n<tr class=\"row-40\">\n\t<td class=\"column-1\">Rehaussement de cils +teinture et soin fixateur \"Lash Botox\"<\/td><td class=\"column-2\">70,00 \u20ac<\/td>\n<\/tr>\n<tr class=\"row-41\">\n\t<td class=\"column-1\"><\/td><td class=\"column-2\"><\/td>\n<\/tr>\n<tr class=\"row-42\">\n\t<td class=\"column-1\">Les Maquillages<\/td><td class=\"column-2\"><\/td>\n<\/tr>\n<tr class=\"row-43\">\n\t<td class=\"column-1\">Maquillage jour<\/td><td class=\"column-2\">30,00 \u20ac<\/td>\n<\/tr>\n<tr class=\"row-44\">\n\t<td class=\"column-1\">Maquillage soir, f\u00eate<\/td><td class=\"column-2\">49,00 \u20ac<\/td>\n<\/tr>\n<tr class=\"row-45\">\n\t<td class=\"column-1\">Maquillage  l\u00e9ger enfant<\/td><td class=\"column-2\">15,00 \u20ac<\/td>\n<\/tr>\n<tr class=\"row-46\">\n\t<td class=\"column-1\">Maquillage Mari\u00e9e (essai + jour J)<\/td><td class=\"column-2\">110,00 \u20ac<\/td>\n<\/tr>\n<tr class=\"row-47\">\n\t<td class=\"column-1\">Maquillage essai Mariage<\/td><td class=\"column-2\">49,00 \u20ac<\/td>\n<\/tr>\n<tr class=\"row-48\">\n\t<td class=\"column-1\">LES SOINS DU VISAGE <\/td><td class=\"column-2\"><\/td>\n<\/tr>\n<tr class=\"row-49\">\n\t<td class=\"column-1\">L'efficacit\u00e9 et le Naturel<\/td><td class=\"column-2\"><\/td>\n<\/tr>\n<tr class=\"row-50\">\n\t<td class=\"column-1\">Soin express \"coup d'\u00e9clat\"<\/td><td class=\"column-2\">43,00 \u20ac<\/td>\n<\/tr>\n<tr class=\"row-51\">\n\t<td class=\"column-1\">Soin visage\" Cocooning \"  soin d'entretien<\/td><td class=\"column-2\">56,50 \u20ac<\/td>\n<\/tr>\n<tr class=\"row-52\">\n\t<td class=\"column-1\">Soin \" Hydratation intense \"<\/td><td class=\"column-2\">65,00 \u20ac<\/td>\n<\/tr>\n<tr class=\"row-53\">\n\t<td class=\"column-1\">Soin \"SENSITIVE\"  d\u00e9sensibilisation profonde <\/td><td class=\"column-2\">65,00 \u20ac<\/td>\n<\/tr>\n<tr class=\"row-54\">\n\t<td class=\"column-1\">Soin \"SPOT\" r\u00e9\u00e9quilibrage ,assainissement et r\u00e9paration <\/td><td class=\"column-2\">65,00 \u20ac<\/td>\n<\/tr>\n<tr class=\"row-55\">\n\t<td class=\"column-1\">Soin \"AGE\" soin repulpant,nourrissant ,r\u00e9parateur , d\u00e9sensibilisant et nettoyant<\/td><td class=\"column-2\">68,00 \u20ac<\/td>\n<\/tr>\n<tr class=\"row-56\">\n\t<td class=\"column-1\">Soin visage enfant (30 min)<\/td><td class=\"column-2\">40,00 \u20ac<\/td>\n<\/tr>\n<tr class=\"row-57\">\n\t<td class=\"column-1\">Soin \"Ado\" avec com\u00e9dons <\/td><td class=\"column-2\">52,00 \u20ac<\/td>\n<\/tr>\n<tr class=\"row-58\">\n\t<td class=\"column-1\"><br \/>\nAjout du Vapozone  durant le soin <\/td><td class=\"column-2\">10,00 \u20ac<\/td>\n<\/tr>\n<tr class=\"row-59\">\n\t<td class=\"column-1\">En option application du S\u00e9rum Yeux , Visage et Cou<\/td><td class=\"column-2\">5,00 \u20ac<\/td>\n<\/tr>\n<tr class=\"row-60\">\n\t<td class=\"column-1\">Voir forfaits sur mesure directement en institut <\/td><td class=\"column-2\"><\/td>\n<\/tr>\n<tr class=\"row-61\">\n\t<td class=\"column-1\"><\/td><td class=\"column-2\"><\/td>\n<\/tr>\n<tr class=\"row-62\">\n\t<td class=\"column-1\">PHOTOMODULATION\/LUMINOTHERAPIE ESTHETIQUE<\/td><td class=\"column-2\"><\/td>\n<\/tr>\n<tr class=\"row-63\">\n\t<td class=\"column-1\">luminoth\u00e9rapie par LED esth\u00e9tique<\/td><td class=\"column-2\"><\/td>\n<\/tr>\n<tr class=\"row-64\">\n\t<td class=\"column-1\">1 \u00e0 2 s\u00e9ances par semaine sur 4 semaines puis 1 \u00e0 2 par mois en entretien<\/td><td class=\"column-2\"><\/td>\n<\/tr>\n<tr class=\"row-65\">\n\t<td class=\"column-1\">s\u00e9ance de 30 minutes<\/td><td class=\"column-2\">40,00 \u20ac<\/td>\n<\/tr>\n<tr class=\"row-66\">\n\t<td class=\"column-1\">Forfait 5 s\u00e9ances <\/td><td class=\"column-2\">180,00 \u20ac<\/td>\n<\/tr>\n<tr class=\"row-67\">\n\t<td class=\"column-1\">Forfait 10 seances<\/td><td class=\"column-2\">340,00 \u20ac<\/td>\n<\/tr>\n<tr class=\"row-68\">\n\t<td class=\"column-1\">s\u00e9ance 30min avec masque et s\u00e9rum<\/td><td class=\"column-2\">50,00 \u20ac<\/td>\n<\/tr>\n<tr class=\"row-69\">\n\t<td class=\"column-1\">FORFAIT 5 s\u00e9ances <\/td><td class=\"column-2\">235,00 \u20ac<\/td>\n<\/tr>\n<tr class=\"row-70\">\n\t<td class=\"column-1\">AVANTAGE s\u00e9ance 20 min suite \u00e0 soin du visage <\/td><td class=\"column-2\">30,00 \u20ac<\/td>\n<\/tr>\n<tr class=\"row-71\">\n\t<td class=\"column-1\"><\/td><td class=\"column-2\"><\/td>\n<\/tr>\n<tr class=\"row-72\">\n\t<td class=\"column-1\">Les mains et les pieds<\/td><td class=\"column-2\"><\/td>\n<\/tr>\n<tr class=\"row-73\">\n\t<td class=\"column-1\">Manucurie \"express\"<\/td><td class=\"column-2\">21,00 \u20ac<\/td>\n<\/tr>\n<tr class=\"row-74\">\n\t<td class=\"column-1\">Manucurie compl\u00e8te avec pose base   si vernis couleur+10 <\/td><td class=\"column-2\">35,00 \u20ac<\/td>\n<\/tr>\n<tr class=\"row-75\">\n\t<td class=\"column-1\">Beaut\u00e9 des pieds \"express\"<\/td><td class=\"column-2\">35,00 \u20ac<\/td>\n<\/tr>\n<tr class=\"row-76\">\n\t<td class=\"column-1\">Beaut\u00e9 des pieds compl\u00e8te avec pose base  si vernis +10<\/td><td class=\"column-2\">42,00 \u20ac<\/td>\n<\/tr>\n<tr class=\"row-77\">\n\t<td class=\"column-1\">Limage des ongles seul<\/td><td class=\"column-2\">8,00 \u20ac<\/td>\n<\/tr>\n<tr class=\"row-78\">\n\t<td class=\"column-1\">Pose vernis classique couleur<\/td><td class=\"column-2\">12,00 \u20ac<\/td>\n<\/tr>\n<tr class=\"row-79\">\n\t<td class=\"column-1\">MANUCURIE \"Br\u00e9silienne\" (Soin r\u00e9paration ,nutrition en profondeur)<\/td><td class=\"column-2\">37,00 \u20ac<\/td>\n<\/tr>\n<tr class=\"row-80\">\n\t<td class=\"column-1\">PEDICURIE \"Br\u00e9silienne\" (Soin r\u00e9paration ,nutrition en profondeur)<\/td><td class=\"column-2\">37,00 \u20ac<\/td>\n<\/tr>\n<tr class=\"row-81\">\n\t<td class=\"column-1\">Manucurie \"Japonaise\"<\/td><td class=\"column-2\">35,00 \u20ac<\/td>\n<\/tr>\n<tr class=\"row-82\">\n\t<td class=\"column-1\">Rend les ongles brillants, riche en \u00e9l\u00e9ments nutritifs (Vit A, E, H, B5), K\u00e9ratine, Silice de la mer du Japon et pollen d'abeille<br \/>\nProt\u00e8ge contre le d\u00e9doublement, les ongles cassants, deviennent flexibles<\/td><td class=\"column-2\"><\/td>\n<\/tr>\n<tr class=\"row-83\">\n\t<td class=\"column-1\">Entretient tout les 15 jours<\/td><td class=\"column-2\">20,00 \u20ac<\/td>\n<\/tr>\n<tr class=\"row-84\">\n\t<td class=\"column-1\">Le vernis semi permanent de 14 \u00e0 30 jours de brillance sans retouche<\/td><td class=\"column-2\"><\/td>\n<\/tr>\n<tr class=\"row-85\">\n\t<td class=\"column-1\">Pose mains ou pieds couleur<\/td><td class=\"column-2\">30,00 \u20ac<\/td>\n<\/tr>\n<tr class=\"row-86\">\n\t<td class=\"column-1\">D\u00e9pose sans soin  (uniquement si pos\u00e9 \u00e0 l'institut)<\/td><td class=\"column-2\">15,00 \u20ac<\/td>\n<\/tr>\n<tr class=\"row-87\">\n\t<td class=\"column-1\">D\u00e9pose avec soin (uniquement si pos\u00e9 \u00e0 l'institut)<\/td><td class=\"column-2\">22,00 \u20ac<\/td>\n<\/tr>\n<tr class=\"row-88\">\n\t<td class=\"column-1\"><\/td><td class=\"column-2\"><\/td>\n<\/tr>\n<tr class=\"row-89\">\n\t<td class=\"column-1\">Soin \u00e0 la paraffine. \"R\u00e9parateur et Protecteur\"<\/td><td class=\"column-2\"><\/td>\n<\/tr>\n<tr class=\"row-90\">\n\t<td class=\"column-1\">Mains ou pieds    uniquement lors d'un soin <\/td><td class=\"column-2\">20,00 \u20ac<\/td>\n<\/tr>\n<tr class=\"row-91\">\n\t<td class=\"column-1\">Les soins du corps<\/td><td class=\"column-2\"><\/td>\n<\/tr>\n<tr class=\"row-92\">\n\t<td class=\"column-1\">Gommages corps\u00a0: senteurs \u00e0 choisir lors de votre RDV <\/td><td class=\"column-2\">45,00 \u20ac<\/td>\n<\/tr>\n<tr class=\"row-93\">\n\t<td class=\"column-1\">Gommage jambes+ hydratation<\/td><td class=\"column-2\">26,00 \u20ac<\/td>\n<\/tr>\n<tr class=\"row-94\">\n\t<td class=\"column-1\">Soin du dos \"Puret\u00e9\"<\/td><td class=\"column-2\">45,00 \u20ac<\/td>\n<\/tr>\n<tr class=\"row-95\">\n\t<td class=\"column-1\">Les soins jambes lourdes et amincissement<\/td><td class=\"column-2\"><\/td>\n<\/tr>\n<tr class=\"row-96\">\n\t<td class=\"column-1\">Soin frigiminceur<\/td><td class=\"column-2\">36,00 \u20ac<\/td>\n<\/tr>\n<tr class=\"row-97\">\n\t<td class=\"column-1\">Forfait 5 sances <\/td><td class=\"column-2\">170,00 \u20ac<\/td>\n<\/tr>\n<tr class=\"row-98\">\n\t<td class=\"column-1\"><\/td><td class=\"column-2\"><\/td>\n<\/tr>\n<tr class=\"row-99\">\n\t<td class=\"column-1\">Le \"Palper-Rouler\" esth\u00e9tique STARVAC<\/td><td class=\"column-2\"><\/td>\n<\/tr>\n<tr class=\"row-100\">\n\t<td class=\"column-1\">Destocker, Raffernir, Drainer, Lisser, Resculpter<\/td><td class=\"column-2\"><\/td>\n<\/tr>\n<tr class=\"row-101\">\n\t<td class=\"column-1\">STARVAC La s\u00e9ance (20 min) - une zone travaill\u00e9e<\/td><td class=\"column-2\">28,00 \u20ac<\/td>\n<\/tr>\n<tr class=\"row-102\">\n\t<td class=\"column-1\">Forfait 5 s\u00e9ances une zone <\/td><td class=\"column-2\">130,00 \u20ac<\/td>\n<\/tr>\n<tr class=\"row-103\">\n\t<td class=\"column-1\"><\/td><td class=\"column-2\"><\/td>\n<\/tr>\n<tr class=\"row-104\">\n\t<td class=\"column-1\">Les modelages<\/td><td class=\"column-2\"><\/td>\n<\/tr>\n<tr class=\"row-105\">\n\t<td class=\"column-1\">Modelage visage et nuque (15min)<\/td><td class=\"column-2\">25,00 \u20ac<\/td>\n<\/tr>\n<tr class=\"row-106\">\n\t<td class=\"column-1\">Modelage pieds et jambes(15min)<\/td><td class=\"column-2\">25,00 \u20ac<\/td>\n<\/tr>\n<tr class=\"row-107\">\n\t<td class=\"column-1\">Modelage pieds et jambes (30min)<\/td><td class=\"column-2\">45,00 \u20ac<\/td>\n<\/tr>\n<tr class=\"row-108\">\n\t<td class=\"column-1\">Modelage amincissant silhouette - digito et manoeuvres amincissantes personnalis\u00e9es <\/td><td class=\"column-2\"><\/td>\n<\/tr>\n<tr class=\"row-109\">\n\t<td class=\"column-1\">Les 20 min<\/td><td class=\"column-2\">26,00 \u20ac<\/td>\n<\/tr>\n<tr class=\"row-110\">\n\t<td class=\"column-1\">Les 30 min<\/td><td class=\"column-2\">40,00 \u20ac<\/td>\n<\/tr>\n<tr class=\"row-111\">\n\t<td class=\"column-1\">Les 45 min<\/td><td class=\"column-2\">60,00 \u20ac<\/td>\n<\/tr>\n<tr class=\"row-112\">\n\t<td class=\"column-1\">Ce modelage peut \u00eatre associ\u00e9 avec le soin STARVAC ET Frigiminceur<\/td><td class=\"column-2\"><\/td>\n<\/tr>\n<tr class=\"row-113\">\n\t<td class=\"column-1\"><\/td><td class=\"column-2\"><\/td>\n<\/tr>\n<tr class=\"row-114\">\n\t<td class=\"column-1\">Modelage Etoile<\/td><td class=\"column-2\"><\/td>\n<\/tr>\n<tr class=\"row-115\">\n\t<td class=\"column-1\">Stimule les zones r\u00e9flexes de la t\u00eate, des mains et des pieds. Apporte un grand apaisement et une profonde relaxation. Se pratique habill\u00e9<\/td><td class=\"column-2\">62,00 \u20ac<\/td>\n<\/tr>\n<tr class=\"row-116\">\n\t<td class=\"column-1\">La zone ( mains ou pieds ou t\u00eate)<\/td><td class=\"column-2\">25,00 \u20ac<\/td>\n<\/tr>\n<tr class=\"row-117\">\n\t<td class=\"column-1\"><\/td><td class=\"column-2\"><\/td>\n<\/tr>\n<tr class=\"row-118\">\n\t<td class=\"column-1\">Modelage Cr\u00e2nien<\/td><td class=\"column-2\"><\/td>\n<\/tr>\n<tr class=\"row-119\">\n\t<td class=\"column-1\">Id\u00e9al pour stimuler la pousse des cheveux, \u00e9limination du stress, maux de t\u00eate, d\u00e9bloque les \u00e9nergies du corps<\/td><td class=\"column-2\"><\/td>\n<\/tr>\n<tr class=\"row-120\">\n\t<td class=\"column-1\">45 min<\/td><td class=\"column-2\">50,00 \u20ac<\/td>\n<\/tr>\n<tr class=\"row-121\">\n\t<td class=\"column-1\">1 h<\/td><td class=\"column-2\">70,00 \u20ac<\/td>\n<\/tr>\n<tr class=\"row-122\">\n\t<td class=\"column-1\">Ajout\u00e9 \u00e0 votre soin visage ( 20 min)<\/td><td class=\"column-2\">30,00 \u20ac<\/td>\n<\/tr>\n<tr class=\"row-123\">\n\t<td class=\"column-1\"><\/td><td class=\"column-2\"><\/td>\n<\/tr>\n<tr class=\"row-124\">\n\t<td class=\"column-1\">Modelage Balinais<\/td><td class=\"column-2\"><\/td>\n<\/tr>\n<tr class=\"row-125\">\n\t<td class=\"column-1\">destin\u00e9 \u00e0 d\u00e9tendre les tensions et apaiser l'esprit<\/td><td class=\"column-2\">72,00 \u20ac<\/td>\n<\/tr>\n<tr class=\"row-126\">\n\t<td class=\"column-1\">Modelage Indien aux bols Kansu (cuivre, zinc, or, bronze)<\/td><td class=\"column-2\"><\/td>\n<\/tr>\n<tr class=\"row-127\">\n\t<td class=\"column-1\">D\u00e9toxifie le corps, relaxation, apaise le mental, favorise le sommeil, sensation de calme, r\u00e9active la bonne circulation des energies, renforce les d\u00e9fenses du corps<\/td><td class=\"column-2\"><\/td>\n<\/tr>\n<tr class=\"row-128\">\n\t<td class=\"column-1\">Nuque et Dos (45 min)<\/td><td class=\"column-2\">69,00 \u20ac<\/td>\n<\/tr>\n<tr class=\"row-129\">\n\t<td class=\"column-1\">Nuque ,Dos et Pieds (1h)<\/td><td class=\"column-2\">74,00 \u20ac<\/td>\n<\/tr>\n<tr class=\"row-130\">\n\t<td class=\"column-1\">Forfait 10 modelages au choix (1 par semaine) \u00e0 voir en institut<\/td><td class=\"column-2\"><\/td>\n<\/tr>\n<\/tbody>\n<\/table>\n<span id=\"tablepress-1-description\" class=\"tablepress-table-description tablepress-table-description-id-1\">Tarifs Nymph\u00e9a au 1er Janvier 2026 - Tarifs modifiables \u00e0 tout moment.<\/span>\n<!-- #tablepress-1 from cache -->\n<\/div>\n\n\n\n<p><\/p>\n","protected":false},"excerpt":{"rendered":"","protected":false},"author":1,"featured_media":0,"parent":0,"menu_order":0,"comment_status":"closed","ping_status":"closed","template":"template-basic","meta":{"footnotes":""},"class_list":["post-337","page","type-page","status-publish","hentry"],"_links":{"self":[{"href":"http:\/\/www.institutnymphea.fr\/index.php\/wp-json\/wp\/v2\/pages\/337","targetHints":{"allow":["GET"]}}],"collection":[{"href":"http:\/\/www.institutnymphea.fr\/index.php\/wp-json\/wp\/v2\/pages"}],"about":[{"href":"http:\/\/www.institutnymphea.fr\/index.php\/wp-json\/wp\/v2\/types\/page"}],"author":[{"embeddable":true,"href":"http:\/\/www.institutnymphea.fr\/index.php\/wp-json\/wp\/v2\/users\/1"}],"replies":[{"embeddable":true,"href":"http:\/\/www.institutnymphea.fr\/index.php\/wp-json\/wp\/v2\/comments?post=337"}],"version-history":[{"count":5,"href":"http:\/\/www.institutnymphea.fr\/index.php\/wp-json\/wp\/v2\/pages\/337\/revisions"}],"predecessor-version":[{"id":345,"href":"http:\/\/www.institutnymphea.fr\/index.php\/wp-json\/wp\/v2\/pages\/337\/revisions\/345"}],"wp:attachment":[{"href":"http:\/\/www.institutnymphea.fr\/index.php\/wp-json\/wp\/v2\/media?parent=337"}],"curies":[{"name":"wp","href":"https:\/\/api.w.org\/{rel}","templated":true}]}}