{"id":319,"date":"2025-12-06T13:14:45","date_gmt":"2025-12-06T12:14:45","guid":{"rendered":"http:\/\/www.institutnymphea.fr\/?page_id=319"},"modified":"2025-12-06T14:47:19","modified_gmt":"2025-12-06T13:47:19","slug":"linstitut","status":"publish","type":"page","link":"http:\/\/www.institutnymphea.fr\/index.php\/linstitut\/","title":{"rendered":"L&rsquo;institut"},"content":{"rendered":"\n<div class=\"section-wrapper\" data-id=\"UwbmVX\"><section class=\"wp-block-gutenverse-section guten-element guten-section guten-UwbmVX layout-boxed align-stretch\"><div class=\"guten-background-overlay\"><\/div><div class=\"guten-shape-divider guten-shape-divider-bottom\"><svg fill=\"none\" height=\"143\" class=\"guten-shape-fill\" viewBox=\"0 0 1200 143\" preserveAspectRatio=\"none\" width=\"1200\" xmlns=\"http:\/\/www.w3.org\/2000\/svg\"><path clip-rule=\"evenodd\" d=\"m1200 20.0467h-33c-34 0-100 0-167 24.0561s-133 72.1682-200 90.2102-133 6.014-200-18.042c-67-24.0561-133-60.1402-200-78.1822-67-18.0421-133-18.0421-200 0-67 18.042-133 54.1261-167 72.1682l-33 18.042v-128.299h1200z\" fill=\"#000\" fill-rule=\"evenodd\"><\/path><\/svg><\/div><div class=\"guten-container guten-column-gap-default\">\n<div class=\"wp-block-gutenverse-column guten-element guten-column guten-u06Eo5\"><div class=\"guten-column-wrapper\" data-id=\"u06Eo5\">\n<h1 class=\"wp-block-gutenverse-heading guten-element guten-q3mXI6 animated guten-element-hide desktop-fadeInDown\">Mon institut<\/h1>\n<\/div><\/div>\n<\/div><\/section><\/div>\n\n\n\n<div class=\"section-wrapper\" data-id=\"6yTWwb\"><section class=\"wp-block-gutenverse-section guten-element guten-section guten-6yTWwb layout-boxed align-stretch\"><div class=\"guten-shape-divider guten-shape-divider-bottom guten-shape-zindex\"><svg fill=\"none\" height=\"143\" class=\"guten-shape-fill\" viewBox=\"0 0 1200 143\" preserveAspectRatio=\"none\" width=\"1200\" xmlns=\"http:\/\/www.w3.org\/2000\/svg\"><path clip-rule=\"evenodd\" d=\"m1200 20.0467h-33c-34 0-100 0-167 24.0561s-133 72.1682-200 90.2102-133 6.014-200-18.042c-67-24.0561-133-60.1402-200-78.1822-67-18.0421-133-18.0421-200 0-67 18.042-133 54.1261-167 72.1682l-33 18.042v-128.299h1200z\" fill=\"#000\" fill-rule=\"evenodd\"><\/path><\/svg><\/div><div class=\"guten-container guten-column-gap-no\">\n<div class=\"wp-block-gutenverse-column guten-element guten-column guten-ZVSxxK\"><div class=\"guten-column-wrapper\" data-id=\"ZVSxxK\">\n<div class=\"section-wrapper\" data-id=\"9GLpHt\"><section class=\"wp-block-gutenverse-section guten-element guten-section guten-9GLpHt layout-boxed align-stretch\"><div class=\"guten-container guten-column-gap-no\">\n<div class=\"wp-block-gutenverse-column guten-element guten-column guten-MWXr4A\"><div class=\"guten-column-wrapper\" data-id=\"MWXr4A\">\n<div class=\"wp-block-gutenverse-image guten-element guten-image guten-fIZCZL animated guten-element-hide desktop-fadeInDown\"><div class=\"guten-image-wrapper\"><img decoding=\"async\" class=\"gutenverse-image-box-filled\" src=\"http:\/\/www.institutnymphea.fr\/wp-content\/uploads\/2025\/07\/hand-holding-droplet-solid.webp\" height=\"512\" width=\"576\"\/><\/div><\/div>\n\n\n\n<h2 class=\"wp-block-gutenverse-heading guten-element guten-uHZDbV animated guten-element-hide desktop-fadeInDown tablet-fadeInRight mobile-fadeInRight\">L&rsquo;espace de soins<\/h2>\n\n\n\n<div class=\"guten-element gutenverse-text-editor guten-tTxbfm animated guten-element-hide desktop-fadeInDown tablet-fadeInDown mobile-fadeInDown\"><div class=\"text-content-inner\">\n<p><strong>La cabine de soins unique de l&rsquo;Institut Nymph\u00e9a<\/strong>&nbsp;offre un cocon intime et apaisant, con\u00e7u pour une exp\u00e9rience personnalis\u00e9e de d\u00e9tente et de beaut\u00e9 au c\u0153ur de Dr\u00e9mil-Lafage.<a href=\"http:\/\/www.institutnymphea.fr\/\" target=\"_blank\" rel=\"noreferrer noopener\"><\/a>\u200b<br>Ambiance et design<br>Espace cosy et serein, \u00e9voquant un havre de bien-\u00eatre avec une d\u00e9coration \u00e9pur\u00e9e favorisant la tranquillit\u00e9.<a href=\"https:\/\/www.facebook.com\/p\/Institut-de-beaut%C3%A9-Nymph%C3%A9a-100057102173528\/\" target=\"_blank\" rel=\"noreferrer noopener\"><\/a>\u200b<br>Atmosph\u00e8re relaxante id\u00e9ale pour les soins du visage, corps et massages, utilisant produits naturels Safral et Eskalia du Tarn.<a href=\"http:\/\/www.institutnymphea.fr\/index.php\/soins-du-corps\/\" target=\"_blank\" rel=\"noreferrer noopener\"><\/a>\u200b<br>\u00c9quipements essentiels<br><strong>Cabine unique<\/strong>&nbsp;\u00e9quip\u00e9e d&rsquo;une table de massage professionnelle pour gommages, masques, modelages et soins r\u00e9g\u00e9n\u00e9rants (50-60 min).<a href=\"http:\/\/www.institutnymphea.fr\/index.php\/soins-du-visage\/\" target=\"_blank\" rel=\"noreferrer noopener\"><\/a>\u200b<br>Mobilier d\u00e9di\u00e9 aux manucures\/p\u00e9dicures : poste hygi\u00e8ne avec limage, vernis semi-permanent et massages tonifiants.<a href=\"http:\/\/www.institutnymphea.fr\/index.php\/soins-du-corps\/\" target=\"_blank\" rel=\"noreferrer noopener\"><\/a>\u200b<br>Acc\u00e8s PMR, Wi-Fi et commodit\u00e9s confortables pour une s\u00e9ance sur mesure sans attente.<a href=\"https:\/\/cristalcoiffure.fr\/institut-de-beaute-nymphea\/\" target=\"_blank\" rel=\"noreferrer noopener\"><\/a>\u200b<br>Cet espace privatis\u00e9 garantit discr\u00e9tion et efficacit\u00e9, not\u00e9 5\/5 pour sa propret\u00e9 et son calme par les clients.&nbsp;<\/p>\n<\/div><\/div>\n\n\n\n<h2 class=\"wp-block-gutenverse-heading guten-element guten-hfZCos\">WaterLava<\/h2>\n<\/div><\/div>\n<\/div><\/section><\/div>\n\n\n\n<div class=\"wp-block-gutenverse-image guten-element guten-image guten-B3V5AU\"><div class=\"guten-image-wrapper\"><img decoding=\"async\" class=\"gutenverse-image-box-filled\" src=\"http:\/\/www.institutnymphea.fr\/wp-content\/uploads\/2025\/12\/IMG_20210518_184211-scaled.jpg\" height=\"1920\" width=\"2560\"\/><\/div><\/div>\n<\/div><\/div>\n<\/div><\/section><\/div>\n\n\n\n<div class=\"wp-block-gutenverse-divider guten-element guten-divider guten-j6BaTW\"><div class=\"guten-divider-wrapper\"><div class=\"guten-divider-default guten-divider-line guten-divider-regular\"><\/div><\/div><\/div>\n\n\n\n<div class=\"section-wrapper\" data-id=\"uvZMpK\"><section class=\"wp-block-gutenverse-section guten-element guten-section guten-uvZMpK layout-boxed align-stretch\"><div class=\"guten-shape-divider guten-shape-divider-bottom guten-shape-zindex\"><svg fill=\"none\" height=\"143\" class=\"guten-shape-fill\" viewBox=\"0 0 1200 143\" preserveAspectRatio=\"none\" width=\"1200\" xmlns=\"http:\/\/www.w3.org\/2000\/svg\"><path clip-rule=\"evenodd\" d=\"m1200 20.0467h-33c-34 0-100 0-167 24.0561s-133 72.1682-200 90.2102-133 6.014-200-18.042c-67-24.0561-133-60.1402-200-78.1822-67-18.0421-133-18.0421-200 0-67 18.042-133 54.1261-167 72.1682l-33 18.042v-128.299h1200z\" fill=\"#000\" fill-rule=\"evenodd\"><\/path><\/svg><\/div><div class=\"guten-container guten-column-gap-no\">\n<div class=\"wp-block-gutenverse-column guten-element guten-column guten-VcgnLu\"><div class=\"guten-column-wrapper\" data-id=\"VcgnLu\">\n<div class=\"section-wrapper\" data-id=\"GgkpPT\"><section class=\"wp-block-gutenverse-section guten-element guten-section guten-GgkpPT layout-boxed align-stretch\"><div class=\"guten-container guten-column-gap-no\">\n<div class=\"wp-block-gutenverse-column guten-element guten-column guten-HJA46S\"><div class=\"guten-column-wrapper\" data-id=\"HJA46S\">\n<div class=\"wp-block-gutenverse-image guten-element guten-image guten-fIZCZL animated guten-element-hide desktop-fadeInDown\"><div class=\"guten-image-wrapper\"><img decoding=\"async\" class=\"gutenverse-image-box-filled\" src=\"http:\/\/www.institutnymphea.fr\/wp-content\/uploads\/2025\/07\/bottle-droplet-solid.webp\" height=\"512\" width=\"320\"\/><\/div><\/div>\n\n\n\n<h2 class=\"wp-block-gutenverse-heading guten-element guten-uHZDbV animated guten-element-hide desktop-fadeInDown tablet-fadeInRight mobile-fadeInRight\">L&rsquo;espace de vente<\/h2>\n\n\n\n<div class=\"guten-element gutenverse-text-editor guten-tTxbfm animated guten-element-hide desktop-fadeInDown tablet-fadeInDown mobile-fadeInDown\"><div class=\"text-content-inner\">\n<p><strong>L&rsquo;espace vente de l&rsquo;Institut Nymph\u00e9a<\/strong>&nbsp;est un \u00e9crin \u00e9l\u00e9gant et fonctionnel int\u00e9grant comptoir d&rsquo;accueil et pr\u00e9sentoirs d\u00e9di\u00e9s \u00e0 la gamme&nbsp;<strong>Eskalia<\/strong>&nbsp;(produits naturels du Tarn), au c\u0153ur de Dr\u00e9mil-Lafage.<a href=\"http:\/\/www.institutnymphea.fr\/index.php\/soins-du-corps\/\" target=\"_blank\" rel=\"noreferrer noopener\"><\/a>\u200b<br>\u200b<br><strong> Gamme Eskalia en vedette<\/strong><br>Produits naturels tarnais : nettoyants doux, hydratants profonds, gommages, huiles essentielles et coffrets cadeaux.<br>Testeurs disponibles pour d\u00e9couvrir textures et parfums lors du conseil au comptoir.<br>Tarifs accessibles avec offres d\u00e9couverte et packs personnalis\u00e9s pour prolonger le bien-\u00eatre \u00e0 domicile.<a href=\"http:\/\/www.institutnymphea.fr\/index.php\/soins-du-corps\/\" target=\"_blank\" rel=\"noreferrer noopener\"><\/a>\u200b<br>Cet espace \u00e9pur\u00e9 favorise l&rsquo;achat spontan\u00e9 et le suivi des soins, dans une ambiance sereine coh\u00e9rente avec la cabine de soin.<\/p>\n<\/div><\/div>\n\n\n\n<h2 class=\"wp-block-gutenverse-heading guten-element guten-hfZCos\">WaterLava<\/h2>\n<\/div><\/div>\n<\/div><\/section><\/div>\n\n\n\n<div class=\"wp-block-gutenverse-image guten-element guten-image guten-8Zz91Y animated guten-element-hide desktop-fadeInDown tablet-fadeInLeft mobile-fadeInLeft\"><div class=\"guten-image-wrapper\"><img decoding=\"async\" class=\"gutenverse-image-box-filled\" src=\"http:\/\/www.institutnymphea.fr\/wp-content\/uploads\/2025\/12\/IMG_20210518_184128-scaled.jpg\" height=\"2560\" width=\"1920\"\/><\/div><\/div>\n<\/div><\/div>\n<\/div><\/section><\/div>\n","protected":false},"excerpt":{"rendered":"","protected":false},"author":1,"featured_media":0,"parent":0,"menu_order":0,"comment_status":"closed","ping_status":"closed","template":"template-basic","meta":{"footnotes":""},"class_list":["post-319","page","type-page","status-publish","hentry"],"_links":{"self":[{"href":"http:\/\/www.institutnymphea.fr\/index.php\/wp-json\/wp\/v2\/pages\/319","targetHints":{"allow":["GET"]}}],"collection":[{"href":"http:\/\/www.institutnymphea.fr\/index.php\/wp-json\/wp\/v2\/pages"}],"about":[{"href":"http:\/\/www.institutnymphea.fr\/index.php\/wp-json\/wp\/v2\/types\/page"}],"author":[{"embeddable":true,"href":"http:\/\/www.institutnymphea.fr\/index.php\/wp-json\/wp\/v2\/users\/1"}],"replies":[{"embeddable":true,"href":"http:\/\/www.institutnymphea.fr\/index.php\/wp-json\/wp\/v2\/comments?post=319"}],"version-history":[{"count":7,"href":"http:\/\/www.institutnymphea.fr\/index.php\/wp-json\/wp\/v2\/pages\/319\/revisions"}],"predecessor-version":[{"id":333,"href":"http:\/\/www.institutnymphea.fr\/index.php\/wp-json\/wp\/v2\/pages\/319\/revisions\/333"}],"wp:attachment":[{"href":"http:\/\/www.institutnymphea.fr\/index.php\/wp-json\/wp\/v2\/media?parent=319"}],"curies":[{"name":"wp","href":"https:\/\/api.w.org\/{rel}","templated":true}]}}