{"id":108,"date":"2025-07-26T18:46:13","date_gmt":"2025-07-26T16:46:13","guid":{"rendered":"http:\/\/www.institutnymphea.fr\/?page_id=108"},"modified":"2025-12-06T12:57:55","modified_gmt":"2025-12-06T11:57:55","slug":"epilation-2","status":"publish","type":"page","link":"http:\/\/www.institutnymphea.fr\/index.php\/epilation-2\/","title":{"rendered":"Epilations"},"content":{"rendered":"\n<div class=\"section-wrapper\" data-id=\"asiuhB\"><section class=\"wp-block-gutenverse-section guten-element guten-section guten-asiuhB layout-boxed align-stretch\"><div class=\"guten-background-overlay\"><\/div><div class=\"guten-shape-divider guten-shape-divider-bottom\"><svg fill=\"none\" height=\"143\" class=\"guten-shape-fill\" viewBox=\"0 0 1200 143\" preserveAspectRatio=\"none\" width=\"1200\" xmlns=\"http:\/\/www.w3.org\/2000\/svg\"><path clip-rule=\"evenodd\" d=\"m1200 20.0467h-33c-34 0-100 0-167 24.0561s-133 72.1682-200 90.2102-133 6.014-200-18.042c-67-24.0561-133-60.1402-200-78.1822-67-18.0421-133-18.0421-200 0-67 18.042-133 54.1261-167 72.1682l-33 18.042v-128.299h1200z\" fill=\"#000\" fill-rule=\"evenodd\"><\/path><\/svg><\/div><div class=\"guten-container guten-column-gap-no\">\n<div class=\"wp-block-gutenverse-column guten-element guten-column guten-z0Zwp6\"><div class=\"guten-column-wrapper\" data-id=\"z0Zwp6\">\n<h1 class=\"wp-block-gutenverse-heading guten-element guten-VvKlmB\">Epilations<\/h1>\n<\/div><\/div>\n<\/div><\/section><\/div>\n\n\n\n<div class=\"section-wrapper\" data-id=\"uvZMpK\"><section class=\"wp-block-gutenverse-section guten-element guten-section guten-uvZMpK layout-boxed align-stretch\"><div class=\"guten-shape-divider guten-shape-divider-bottom guten-shape-zindex\"><svg fill=\"none\" height=\"143\" class=\"guten-shape-fill\" viewBox=\"0 0 1200 143\" preserveAspectRatio=\"none\" width=\"1200\" xmlns=\"http:\/\/www.w3.org\/2000\/svg\"><path clip-rule=\"evenodd\" d=\"m1200 20.0467h-33c-34 0-100 0-167 24.0561s-133 72.1682-200 90.2102-133 6.014-200-18.042c-67-24.0561-133-60.1402-200-78.1822-67-18.0421-133-18.0421-200 0-67 18.042-133 54.1261-167 72.1682l-33 18.042v-128.299h1200z\" fill=\"#000\" fill-rule=\"evenodd\"><\/path><\/svg><\/div><div class=\"guten-container guten-column-gap-no\">\n<div class=\"wp-block-gutenverse-column guten-element guten-column guten-VcgnLu\"><div class=\"guten-column-wrapper\" data-id=\"VcgnLu\">\n<div class=\"section-wrapper\" data-id=\"GgkpPT\"><section class=\"wp-block-gutenverse-section guten-element guten-section guten-GgkpPT layout-boxed align-stretch\"><div class=\"guten-container guten-column-gap-no\">\n<div class=\"wp-block-gutenverse-column guten-element guten-column guten-HJA46S\"><div class=\"guten-column-wrapper\" data-id=\"HJA46S\">\n<div class=\"wp-block-gutenverse-image guten-element guten-image guten-fIZCZL animated guten-element-hide desktop-fadeInDown\"><div class=\"guten-image-wrapper\"><img decoding=\"async\" class=\"gutenverse-image-box-filled\" src=\"http:\/\/www.institutnymphea.fr\/wp-content\/themes\/waterlava\/assets\/img\/Logo-1.webp\" height=\"1920\" width=\"1920\"\/><\/div><\/div>\n\n\n\n<div class=\"guten-element gutenverse-text-editor guten-tTxbfm animated guten-element-hide desktop-fadeInDown tablet-fadeInDown mobile-fadeInDown\"><div class=\"text-content-inner\">\n<p>Pourquoi l&rsquo;\u00e9pilation ?<br>L&rsquo;\u00e9pilation est bien plus qu&rsquo;une question d&rsquo;esth\u00e9tique : c&rsquo;est un acte d&rsquo;hygi\u00e8ne et de bien-\u00eatre. Contrairement au rasage qui coupe le poil en surface, l&rsquo;\u00e9pilation classique (cire)&nbsp;<strong>arrache le poil \u00e0 la racine<\/strong>, offrant une peau lisse pendant plusieurs semaines et des poils qui repoussent progressivement plus fins et plus doux.<a href=\"https:\/\/www.gillettevenus.fr\/fr-fr\/conseils-de-rasage\/methodes-d-epilation\/le-rasage-ou-lepilation-au-sucre\/\" target=\"_blank\" rel=\"noreferrer noopener\"><\/a>\u200b<br>Chez Nymph\u00e9a, nous proposons deux techniques d&rsquo;\u00e9pilation classique : la&nbsp;<strong>cire ti\u00e8de<\/strong> (rapide et efficace) et le&nbsp;<strong>cire chaude<\/strong>&nbsp;(douce et recommand\u00e9e pour les zones sensibles). \u00c0 chacune ses avantages selon votre type de peau et vos pr\u00e9f\u00e9rences.<br><br>Nos m\u00e9thodes d&rsquo;\u00e9pilation classique<br>\ud83d\udd6f\ufe0f&nbsp;<strong>\u00c9pilation \u00e0 la <strong>Cire Ti\u00e8de<\/strong><\/strong><br>La m\u00e9thode incontournable pour les grandes surfaces.<br>La cire ti\u00e8de est appliqu\u00e9e dans le&nbsp;<strong>sens de la pousse des poils<\/strong>, puis retir\u00e9e d&rsquo;un coup sec dans le&nbsp;<strong>sens inverse<\/strong>, arrachant ainsi le poil \u00e0 la racine. Cette technique est particuli\u00e8rement efficace sur les poils courts et moyens.<a href=\"https:\/\/happywaxing.ca\/fr\/blogs\/happy-waxing-blog-discover-easy-tips-for-waxing-at-home\/waxing-vs-sugaring-what-s-the-difference\" target=\"_blank\" rel=\"noreferrer noopener\"><\/a>\u200b<br><strong>Avantages :<\/strong><br>\u26a1&nbsp;<strong>Plus rapide<\/strong>&nbsp;\u2013 Une seule application, id\u00e9ale pour grandes zones (jambes, bras, dos)<a href=\"https:\/\/www.pharmacielafayette.com\/enseigne\/blog\/quelle-methode-depilation-choisir\/\" target=\"_blank\" rel=\"noreferrer noopener\"><\/a>\u200b<br>\u2728&nbsp;<strong>Exfoliation naturelle<\/strong>&nbsp;\u2013 \u00c9limine les cellules mortes en m\u00eame temps que les poils, peau lisse et \u00e9clatante<a href=\"https:\/\/www.nympheadetente.com\/post\/tout-savoir-sur-l-%C3%A9pilation-%C3%A0-la-cire\" target=\"_blank\" rel=\"noreferrer noopener\"><\/a>\u200b<br>\ud83d\udcaa&nbsp;<strong>Poils plus fins<\/strong>&nbsp;\u2013 Avec les s\u00e9ances r\u00e9guli\u00e8res, repousse progressivement plus fine et plus douce<a href=\"https:\/\/perron-rigot.shop\/blogs\/news\/rasage-vs-epilation-cire\" target=\"_blank\" rel=\"noreferrer noopener\"><\/a>\u200b<br>\u23f1\ufe0f&nbsp;<strong>R\u00e9sultats durables<\/strong>&nbsp;\u2013 Peau lisse 3 \u00e0 4 semaines.<a href=\"https:\/\/www.aroma-zone.com\/page\/les-differentes-methodes-d-epilation-leurs-avantages-et-inconvenients\" target=\"_blank\" rel=\"noreferrer noopener\"><\/a>\u200b<br>\u200b<br><strong>Zones id\u00e9ales :<\/strong>&nbsp;Jambes, aisselles, maillot classique, bras, dos, visage, duvet\u200b<br><strong>Pour qui ?<\/strong>&nbsp;Tous types de peau. Particuli\u00e8rement efficace si poils drus ou \u00e9pais.<\/p>\n\n\n\n<p><\/p>\n<\/div><\/div>\n\n\n\n<h2 class=\"wp-block-gutenverse-heading guten-element guten-hfZCos\">WaterLava<\/h2>\n<\/div><\/div>\n<\/div><\/section><\/div>\n\n\n\n<div class=\"wp-block-gutenverse-image guten-element guten-image guten-8Zz91Y animated guten-element-hide desktop-fadeInDown tablet-fadeInLeft mobile-fadeInLeft\"><div class=\"guten-image-wrapper\"><img decoding=\"async\" class=\"gutenverse-image-box-filled\" src=\"http:\/\/www.institutnymphea.fr\/wp-content\/uploads\/2025\/05\/epilation-jambes.webp\" height=\"683\" width=\"1024\"\/><\/div><\/div>\n<\/div><\/div>\n<\/div><\/section><\/div>\n","protected":false},"excerpt":{"rendered":"","protected":false},"author":1,"featured_media":0,"parent":0,"menu_order":0,"comment_status":"closed","ping_status":"closed","template":"template-basic","meta":{"footnotes":""},"class_list":["post-108","page","type-page","status-publish","hentry"],"_links":{"self":[{"href":"http:\/\/www.institutnymphea.fr\/index.php\/wp-json\/wp\/v2\/pages\/108","targetHints":{"allow":["GET"]}}],"collection":[{"href":"http:\/\/www.institutnymphea.fr\/index.php\/wp-json\/wp\/v2\/pages"}],"about":[{"href":"http:\/\/www.institutnymphea.fr\/index.php\/wp-json\/wp\/v2\/types\/page"}],"author":[{"embeddable":true,"href":"http:\/\/www.institutnymphea.fr\/index.php\/wp-json\/wp\/v2\/users\/1"}],"replies":[{"embeddable":true,"href":"http:\/\/www.institutnymphea.fr\/index.php\/wp-json\/wp\/v2\/comments?post=108"}],"version-history":[{"count":12,"href":"http:\/\/www.institutnymphea.fr\/index.php\/wp-json\/wp\/v2\/pages\/108\/revisions"}],"predecessor-version":[{"id":318,"href":"http:\/\/www.institutnymphea.fr\/index.php\/wp-json\/wp\/v2\/pages\/108\/revisions\/318"}],"wp:attachment":[{"href":"http:\/\/www.institutnymphea.fr\/index.php\/wp-json\/wp\/v2\/media?parent=108"}],"curies":[{"name":"wp","href":"https:\/\/api.w.org\/{rel}","templated":true}]}}